{"id":5002,"date":"2025-04-17T06:02:56","date_gmt":"2025-04-17T04:02:56","guid":{"rendered":"https:\/\/sceltadiclasse.staging.formatispa.agency\/reservierung-vornehmen\/"},"modified":"2026-03-30T16:55:55","modified_gmt":"2026-03-30T14:55:55","slug":"reservierung-vornehmen","status":"publish","type":"page","link":"https:\/\/sceltadiclasse.com\/de\/reservierung-vornehmen\/","title":{"rendered":"Reservierung vornehmen"},"content":{"rendered":"\t\t<div data-elementor-type=\"wp-page\" data-elementor-id=\"5002\" class=\"elementor elementor-5002 elementor-2118\" data-elementor-post-type=\"page\">\n\t\t\t\t<div class=\"elementor-element elementor-element-87e8eff e-con-full e-flex e-con e-parent\" data-id=\"87e8eff\" data-element_type=\"container\" data-e-type=\"container\" data-settings=\"{&quot;background_background&quot;:&quot;classic&quot;}\">\n\t\t<div class=\"elementor-element elementor-element-c0d8fdc e-flex e-con-boxed e-con e-child\" data-id=\"c0d8fdc\" data-element_type=\"container\" data-e-type=\"container\">\n\t\t\t\t\t<div class=\"e-con-inner\">\n\t\t\t\t<div class=\"elementor-element elementor-element-be51e9f elementor-widget elementor-widget-heading\" data-id=\"be51e9f\" data-element_type=\"widget\" data-e-type=\"widget\" data-widget_type=\"heading.default\">\n\t\t\t\t<div class=\"elementor-widget-container\">\n\t\t\t\t\t<h2 class=\"elementor-heading-title elementor-size-default\">Reservierung vornehmen<\/h2>\t\t\t\t<\/div>\n\t\t\t\t<\/div>\n\t\t\t\t<div class=\"elementor-element elementor-element-813829f elementor-widget elementor-widget-shortcode\" data-id=\"813829f\" data-element_type=\"widget\" data-e-type=\"widget\" data-widget_type=\"shortcode.default\">\n\t\t\t\t<div class=\"elementor-widget-container\">\n\t\t\t\t\t\t\t<div class=\"elementor-shortcode\"><\/div>\n\t\t\t\t\t\t<\/div>\n\t\t\t\t<\/div>\n\t\t\t\t\t<\/div>\n\t\t\t\t<\/div>\n\t\t\t\t<\/div>\n\t\t<div class=\"elementor-element elementor-element-53c9bf9 e-flex e-con-boxed e-con e-parent\" data-id=\"53c9bf9\" data-element_type=\"container\" data-e-type=\"container\">\n\t\t\t\t\t<div class=\"e-con-inner\">\n\t\t<div class=\"elementor-element elementor-element-9d0e4b0 e-con-full e-flex e-con e-child\" data-id=\"9d0e4b0\" data-element_type=\"container\" data-e-type=\"container\" data-settings=\"{&quot;background_background&quot;:&quot;classic&quot;}\">\n\t\t<div class=\"elementor-element elementor-element-fa7cf6b e-con-full e-flex e-con e-child\" data-id=\"fa7cf6b\" data-element_type=\"container\" data-e-type=\"container\" data-settings=\"{&quot;background_background&quot;:&quot;classic&quot;}\">\n\t\t\t\t<div class=\"elementor-element elementor-element-068e688 elementor-widget elementor-widget-heading\" data-id=\"068e688\" data-element_type=\"widget\" data-e-type=\"widget\" data-widget_type=\"heading.default\">\n\t\t\t\t<div class=\"elementor-widget-container\">\n\t\t\t\t\t<span class=\"elementor-heading-title elementor-size-default\">rsvp<\/span>\t\t\t\t<\/div>\n\t\t\t\t<\/div>\n\t\t\t\t<div class=\"elementor-element elementor-element-c434127 elementor-widget elementor-widget-heading\" data-id=\"c434127\" data-element_type=\"widget\" data-e-type=\"widget\" data-widget_type=\"heading.default\">\n\t\t\t\t<div class=\"elementor-widget-container\">\n\t\t\t\t\t<h2 class=\"elementor-heading-title elementor-size-default\">Reservierung vornehmen<\/h2>\t\t\t\t<\/div>\n\t\t\t\t<\/div>\n\t\t\t\t<div class=\"elementor-element elementor-element-3d5e83e elementor-button-align-center elementor-widget elementor-widget-form\" data-id=\"3d5e83e\" data-element_type=\"widget\" data-e-type=\"widget\" data-settings=\"{&quot;step_next_label&quot;:&quot;Weiter&quot;,&quot;step_previous_label&quot;:&quot;Vorherige&quot;,&quot;step_type&quot;:&quot;none&quot;,&quot;button_width&quot;:&quot;100&quot;,&quot;step_icon_shape&quot;:&quot;circle&quot;}\" data-widget_type=\"form.default\">\n\t\t\t\t<div class=\"elementor-widget-container\">\n\t\t\t\t\t\t\t<form class=\"elementor-form\" method=\"post\" name=\"Reservieren\" aria-label=\"Reservieren\">\n\t\t\t<input type=\"hidden\" name=\"post_id\" value=\"5002\"\/>\n\t\t\t<input type=\"hidden\" name=\"form_id\" value=\"3d5e83e\"\/>\n\t\t\t<input type=\"hidden\" name=\"referer_title\" value=\"Reservierung vornehmen\" \/>\n\n\t\t\t\t\t\t\t<input type=\"hidden\" name=\"queried_id\" value=\"5002\"\/>\n\t\t\t\n\t\t\t<div class=\"elementor-form-fields-wrapper elementor-labels-above\">\n\t\t\t\t\t\t\t\t<div class=\"elementor-field-type-text elementor-field-group elementor-column elementor-field-group-name elementor-col-50 elementor-field-required\">\n\t\t\t\t\t\t\t\t\t\t\t\t\t<input size=\"1\" type=\"text\" name=\"form_fields[name]\" id=\"form-field-name\" class=\"elementor-field elementor-size-lg  elementor-field-textual\" placeholder=\"Vollst\u00e4ndigen Namen eingeben\" required=\"required\">\n\t\t\t\t\t\t\t\t\t\t\t<\/div>\n\t\t\t\t\t\t\t\t<div class=\"elementor-field-type-email elementor-field-group elementor-column elementor-field-group-email elementor-col-50 elementor-field-required\">\n\t\t\t\t\t\t\t\t\t\t\t\t\t<input size=\"1\" type=\"email\" name=\"form_fields[email]\" id=\"form-field-email\" class=\"elementor-field elementor-size-lg  elementor-field-textual\" placeholder=\"E-Mail Adresse eingeben\" required=\"required\">\n\t\t\t\t\t\t\t\t\t\t\t<\/div>\n\t\t\t\t\t\t\t\t<div class=\"elementor-field-type-textarea elementor-field-group elementor-column elementor-field-group-message elementor-col-100 elementor-field-required\">\n\t\t\t\t\t<textarea class=\"elementor-field-textual elementor-field  elementor-size-lg\" name=\"form_fields[message]\" id=\"form-field-message\" rows=\"4\" placeholder=\"Geben Sie Ihre Nachricht ein\" required=\"required\"><\/textarea>\t\t\t\t<\/div>\n\t\t\t\t\t\t\t\t<div class=\"elementor-field-type-recaptcha_v3 elementor-field-group elementor-column elementor-field-group-field_ef8e349 elementor-col-100 recaptcha_v3-inline\">\n\t\t\t\t\t<div class=\"elementor-field\" id=\"form-field-field_ef8e349\"><div class=\"elementor-g-recaptcha\" data-sitekey=\"6Ldox50sAAAAAIhXzRGxph91bMph13uBUNJnnIb5\" data-type=\"v3\" data-action=\"Form\" data-badge=\"inline\" data-size=\"invisible\"><\/div><\/div>\t\t\t\t<\/div>\n\t\t\t\t\t\t\t\t<div class=\"elementor-field-group elementor-column elementor-field-type-submit elementor-col-100 e-form__buttons\">\n\t\t\t\t\t<button class=\"elementor-button elementor-size-md\" type=\"submit\">\n\t\t\t\t\t\t<span class=\"elementor-button-content-wrapper\">\n\t\t\t\t\t\t\t\t\t\t\t\t\t\t\t\t\t\t\t\t\t\t<span class=\"elementor-button-text\">Reservierung vornehmen<\/span>\n\t\t\t\t\t\t\t\t\t\t\t\t\t<\/span>\n\t\t\t\t\t<\/button>\n\t\t\t\t<\/div>\n\t\t\t<\/div>\n\t\t<\/form>\n\t\t\t\t\t\t<\/div>\n\t\t\t\t<\/div>\n\t\t\t\t<div class=\"elementor-element elementor-element-aa78e92 elementor-widget elementor-widget-text-editor\" data-id=\"aa78e92\" data-element_type=\"widget\" data-e-type=\"widget\" data-widget_type=\"text-editor.default\">\n\t\t\t\t<div class=\"elementor-widget-container\">\n\t\t\t\t\t\t\t\t\t<p>Ich best\u00e4tige, dass ich die <a href=\"https:\/\/sceltadiclasse.com\/privacy-cookie\/\">Datenschutzerkl\u00e4rung<\/a> dieser Website gelesen und verstanden habe. <br \/>Diese Website ist durch reCAPTCHA gesch\u00fctzt; es gelten die <a href=\"https:\/\/policies.google.com\/privacy\">Datenschutzrichtlinie<\/a> und die <a href=\"https:\/\/policies.google.com\/terms\">Nutzungsbedingungen<\/a> von Google.<\/p>\n\t\t\t\t\t\t\t\t<\/div>\n\t\t\t\t<\/div>\n\t\t\t\t<\/div>\n\t\t<div class=\"elementor-element elementor-element-ae87891 e-con-full e-flex e-con e-child\" data-id=\"ae87891\" data-element_type=\"container\" data-e-type=\"container\" data-settings=\"{&quot;background_background&quot;:&quot;classic&quot;}\">\n\t\t\t\t<div class=\"elementor-element elementor-element-faf63e9 elementor-widget elementor-widget-image\" data-id=\"faf63e9\" data-element_type=\"widget\" data-e-type=\"widget\" data-widget_type=\"image.default\">\n\t\t\t\t<div class=\"elementor-widget-container\">\n\t\t\t\t\t\t\t\t\t\t\t\t\t\t\t<img fetchpriority=\"high\" decoding=\"async\" width=\"1800\" height=\"1200\" src=\"https:\/\/sceltadiclasse.com\/wp-content\/uploads\/2025\/04\/3.-Patrick-e-Cassandra_preview0168.avif\" class=\"attachment-full size-full wp-image-4414\" alt=\"\" srcset=\"https:\/\/sceltadiclasse.com\/wp-content\/uploads\/2025\/04\/3.-Patrick-e-Cassandra_preview0168.avif 1800w, https:\/\/sceltadiclasse.com\/wp-content\/uploads\/2025\/04\/3.-Patrick-e-Cassandra_preview0168-300x200.jpg 300w, https:\/\/sceltadiclasse.com\/wp-content\/uploads\/2025\/04\/3.-Patrick-e-Cassandra_preview0168-1024x683.jpg 1024w, https:\/\/sceltadiclasse.com\/wp-content\/uploads\/2025\/04\/3.-Patrick-e-Cassandra_preview0168-768x512.jpg 768w, https:\/\/sceltadiclasse.com\/wp-content\/uploads\/2025\/04\/3.-Patrick-e-Cassandra_preview0168-1536x1024.jpg 1536w\" sizes=\"(max-width: 1800px) 100vw, 1800px\" \/>\t\t\t\t\t\t\t\t\t\t\t\t\t\t\t<\/div>\n\t\t\t\t<\/div>\n\t\t\t\t<\/div>\n\t\t\t\t<\/div>\n\t\t\t\t\t<\/div>\n\t\t\t\t<\/div>\n\t\t\t\t<\/div>\n\t\t","protected":false},"excerpt":{"rendered":"<p>Reservierung vornehmen rsvp Reservierung vornehmen Ich best\u00e4tige, dass ich die Datenschutzerkl\u00e4rung dieser Website gelesen und verstanden habe. Diese Website ist durch reCAPTCHA gesch\u00fctzt; es gelten die Datenschutzrichtlinie und die Nutzungsbedingungen von Google.<\/p>\n","protected":false},"author":1,"featured_media":0,"parent":0,"menu_order":30,"comment_status":"closed","ping_status":"closed","template":"","meta":{"_glsr_average":0,"_glsr_ranking":0,"_glsr_reviews":0,"footnotes":""},"class_list":["post-5002","page","type-page","status-publish","hentry"],"_links":{"self":[{"href":"https:\/\/sceltadiclasse.com\/de\/wp-json\/wp\/v2\/pages\/5002","targetHints":{"allow":["GET"]}}],"collection":[{"href":"https:\/\/sceltadiclasse.com\/de\/wp-json\/wp\/v2\/pages"}],"about":[{"href":"https:\/\/sceltadiclasse.com\/de\/wp-json\/wp\/v2\/types\/page"}],"author":[{"embeddable":true,"href":"https:\/\/sceltadiclasse.com\/de\/wp-json\/wp\/v2\/users\/1"}],"replies":[{"embeddable":true,"href":"https:\/\/sceltadiclasse.com\/de\/wp-json\/wp\/v2\/comments?post=5002"}],"version-history":[{"count":5,"href":"https:\/\/sceltadiclasse.com\/de\/wp-json\/wp\/v2\/pages\/5002\/revisions"}],"predecessor-version":[{"id":7352,"href":"https:\/\/sceltadiclasse.com\/de\/wp-json\/wp\/v2\/pages\/5002\/revisions\/7352"}],"wp:attachment":[{"href":"https:\/\/sceltadiclasse.com\/de\/wp-json\/wp\/v2\/media?parent=5002"}],"curies":[{"name":"wp","href":"https:\/\/api.w.org\/{rel}","templated":true}]}}